{"id":71,"date":"2025-11-04T09:50:23","date_gmt":"2025-11-04T09:50:23","guid":{"rendered":"https:\/\/staging-prod-id.cdcndevelopment.com\/contact\/"},"modified":"2026-04-02T16:57:21","modified_gmt":"2026-04-02T16:57:21","slug":"contact","status":"publish","type":"page","link":"https:\/\/www.consumerdirectid.com\/vi\/contact\/","title":{"rendered":"Li\u00ean h\u1ec7"},"content":{"rendered":"<div data-elementor-type=\"wp-page\" data-elementor-id=\"71\" class=\"elementor elementor-71\" data-elementor-post-type=\"page\">\n\t\t\t\t<div class=\"elementor-element elementor-element-65fcfef8 e-con-full e-flex e-con e-parent\" data-id=\"65fcfef8\" data-element_type=\"container\" data-settings=\"{&quot;background_background&quot;:&quot;classic&quot;}\">\n\t\t<div class=\"elementor-element elementor-element-585134ba e-con-full elementor-hidden-mobile e-flex e-con e-child\" data-id=\"585134ba\" data-element_type=\"container\" data-settings=\"{&quot;background_background&quot;:&quot;classic&quot;}\">\n\t\t\t\t<div class=\"elementor-element elementor-element-3860d43e section-tag-banner elementor-widget elementor-widget-heading\" data-id=\"3860d43e\" data-element_type=\"widget\" data-widget_type=\"heading.default\">\n\t\t\t\t\t<h3 class=\"elementor-heading-title elementor-size-default\">Li\u00ean h\u1ec7 v\u1edbi ch\u00fang t\u00f4i<\/h3>\t\t\t\t<\/div>\n\t\t\t\t<div class=\"elementor-element elementor-element-630a1afc elementor-widget__width-initial elementor-widget elementor-widget-heading\" data-id=\"630a1afc\" data-element_type=\"widget\" data-widget_type=\"heading.default\">\n\t\t\t\t\t<h1 class=\"elementor-heading-title elementor-size-default\">L\u00e0m th\u1ebf n\u00e0o ch\u00fang ta c\u00f3 th\u1ec3 <mark>Gi\u00fap \u0111\u1ee1<\/mark> B\u1ea1n?<\/h1>\t\t\t\t<\/div>\n\t\t\t\t<\/div>\n\t\t<div class=\"elementor-element elementor-element-4d49cba6 elementor-hidden-desktop elementor-hidden-tablet e-flex e-con-boxed e-con e-child\" data-id=\"4d49cba6\" data-element_type=\"container\">\n\t\t\t\t\t<div class=\"e-con-inner\">\n\t\t\t\t<div class=\"elementor-element elementor-element-3bbb5105 section-tag-grey elementor-widget elementor-widget-heading\" data-id=\"3bbb5105\" data-element_type=\"widget\" data-widget_type=\"heading.default\">\n\t\t\t\t\t<h2 class=\"elementor-heading-title elementor-size-default\">Li\u00ean h\u1ec7 v\u1edbi ch\u00fang t\u00f4i<\/h2>\t\t\t\t<\/div>\n\t\t\t\t<div class=\"elementor-element elementor-element-25b7266c elementor-widget__width-initial elementor-widget elementor-widget-heading\" data-id=\"25b7266c\" data-element_type=\"widget\" data-widget_type=\"heading.default\">\n\t\t\t\t\t<h1 class=\"elementor-heading-title elementor-size-default\">L\u00e0m th\u1ebf n\u00e0o ch\u00fang ta c\u00f3 th\u1ec3 <mark>Gi\u00fap \u0111\u1ee1<\/mark> B\u1ea1n?<\/h1>\t\t\t\t<\/div>\n\t\t\t\t<div class=\"elementor-element elementor-element-321352ae elementor-widget-mobile__width-inherit elementor-widget elementor-widget-image\" data-id=\"321352ae\" data-element_type=\"widget\" data-widget_type=\"image.default\">\n\t\t\t\t\t\t\t\t\t\t\t\t\t\t\t<img decoding=\"async\" src=\"https:\/\/www.consumerdirectid.com\/wp-content\/uploads\/sites\/22\/2025\/11\/contact-banner-mob.png\" title=\"\" alt=\"\" loading=\"lazy\" \/>\t\t\t\t\t\t\t\t\t\t\t\t\t\t\t<\/div>\n\t\t\t\t\t<\/div>\n\t\t\t\t<\/div>\n\t\t\t\t<\/div>\n\t\t<div class=\"elementor-element elementor-element-313578fc e-flex e-con-boxed e-con e-parent\" data-id=\"313578fc\" data-element_type=\"container\">\n\t\t\t\t\t<div class=\"e-con-inner\">\n\t\t<div class=\"elementor-element elementor-element-52ce4200 e-con-full e-flex e-con e-child\" data-id=\"52ce4200\" data-element_type=\"container\">\n\t\t<div class=\"elementor-element elementor-element-3ec03c9a e-con-full e-flex e-con e-child\" data-id=\"3ec03c9a\" data-element_type=\"container\" data-settings=\"{&quot;background_background&quot;:&quot;classic&quot;}\">\n\t\t\t\t<div class=\"elementor-element elementor-element-5242929 elementor-widget elementor-widget-text-editor\" data-id=\"5242929\" data-element_type=\"widget\" data-widget_type=\"text-editor.default\">\n\t\t\t\t\t\t\t\t\t<p><strong>M\u1ea1ng l\u01b0\u1edbi Ch\u0103m s\u00f3c Tr\u1ef1c ti\u1ebfp cho Ng\u01b0\u1eddi ti\u00eau d\u00f9ng Idaho<\/strong><\/p><p>3782 \u0110\u01b0\u1eddng \u0110\u00f4ng Amity, C\u0103n h\u1ed9 101<br \/>Nampa, Idaho 83687<\/p><p><a href=\"mailto:InfoCDID@ConsumerDirectCare.com\"><strong>InfoCDID@ConsumerDirectCare.com<\/strong><\/a><\/p><p>\u0110i\u1ec7n tho\u1ea1i: <a href=\"tel:208-898-0470\"><strong>208-898-0470<\/strong><\/a><br \/>S\u1ed1 \u0111i\u1ec7n tho\u1ea1i mi\u1ec5n ph\u00ed: <a href=\"tel:888-898-0470\"><strong>888-898-0470<\/strong><\/a><br \/>Fax: <strong>208-898-0417<\/strong><\/p><p>Ch\u00fang t\u00f4i \u1edf \u0111\u00e2y \u0111\u1ec3 gi\u00fap \u0111\u1ee1.<\/p>\t\t\t\t\t\t\t\t<\/div>\n\t\t\t\t<\/div>\n\t\t<div class=\"elementor-element elementor-element-6e0af6f5 e-con-full e-flex e-con e-child\" data-id=\"6e0af6f5\" data-element_type=\"container\" data-settings=\"{&quot;background_background&quot;:&quot;classic&quot;}\">\n\t\t\t\t<div class=\"elementor-element elementor-element-4b3af21d elementor-widget elementor-widget-heading\" data-id=\"4b3af21d\" data-element_type=\"widget\" data-widget_type=\"heading.default\">\n\t\t\t\t\t<div class=\"elementor-heading-title elementor-size-default\">\u0110\u01b0\u1eddng d\u00e2y n\u00f3ng v\u1ec1 tai n\u1ea1n lao \u0111\u1ed9ng<\/div>\t\t\t\t<\/div>\n\t\t\t\t<div class=\"elementor-element elementor-element-702ea00 elementor-widget elementor-widget-text-editor\" data-id=\"702ea00\" data-element_type=\"widget\" data-widget_type=\"text-editor.default\">\n\t\t\t\t\t\t\t\t\tC\u00e1c nh\u00e2n vi\u00ean b\u1ecb th\u01b0\u01a1ng trong qu\u00e1 tr\u00ecnh l\u00e0m vi\u1ec7c PH\u1ea2I b\u00e1o c\u00e1o ngay l\u1eadp t\u1ee9c v\u1ec1 ch\u1ea5n th\u01b0\u01a1ng c\u1ee7a m\u00ecnh. T\u1ed5ng \u0111\u00e0i h\u1ed7 tr\u1ee3 ch\u1ea5n th\u01b0\u01a1ng mi\u1ec5n ph\u00ed c\u1ee7a ch\u00fang t\u00f4i ho\u1ea1t \u0111\u1ed9ng 24 gi\u1edd m\u1ed7i ng\u00e0y, 7 ng\u00e0y m\u1ed7i tu\u1ea7n \u0111\u1ec3 ph\u1ee5c v\u1ee5 qu\u00fd v\u1ecb.\t\t\t\t\t\t\t\t<\/div>\n\t\t\t\t<div class=\"elementor-element elementor-element-5cad302a elementor-align-start contact-page-listicons elementor-icon-list--layout-traditional elementor-list-item-link-full_width elementor-widget elementor-widget-icon-list\" data-id=\"5cad302a\" data-element_type=\"widget\" data-widget_type=\"icon-list.default\">\n\t\t\t\t\t\t\t<ul class=\"elementor-icon-list-items\">\n\t\t\t\t\t\t\t<li class=\"elementor-icon-list-item\">\n\t\t\t\t\t\t\t\t\t\t\t<a href=\"tel:877-532-8542\">\n\n\t\t\t\t\t\t\t\t\t\t\t<span class=\"elementor-icon-list-text\">877-532-8542<\/span>\n\t\t\t\t\t\t\t\t\t\t\t<\/a>\n\t\t\t\t\t\t\t\t\t<\/li>\n\t\t\t\t\t\t<\/ul>\n\t\t\t\t\t\t<\/div>\n\t\t\t\t<div class=\"elementor-element elementor-element-70595cb7 elementor-align-start contact-page-listicons elementor-icon-list--layout-traditional elementor-list-item-link-full_width elementor-widget elementor-widget-icon-list\" data-id=\"70595cb7\" data-element_type=\"widget\" data-widget_type=\"icon-list.default\">\n\t\t\t\t\t\t\t<ul class=\"elementor-icon-list-items\">\n\t\t\t\t\t\t\t<li class=\"elementor-icon-list-item\">\n\t\t\t\t\t\t\t\t\t\t\t<a href=\"mailto:InfoSafety@ConsumerDirectCare.com\">\n\n\t\t\t\t\t\t\t\t\t\t\t<span class=\"elementor-icon-list-text\">InfoSafety@ConsumerDirectCare.com<\/span>\n\t\t\t\t\t\t\t\t\t\t\t<\/a>\n\t\t\t\t\t\t\t\t\t<\/li>\n\t\t\t\t\t\t<\/ul>\n\t\t\t\t\t\t<\/div>\n\t\t\t\t<div class=\"elementor-element elementor-element-23ca9ae6 elementor-widget-divider--view-line elementor-widget elementor-widget-divider\" data-id=\"23ca9ae6\" data-element_type=\"widget\" data-widget_type=\"divider.default\">\n\t\t\t\t\t\t\t<div class=\"elementor-divider\">\n\t\t\t<span class=\"elementor-divider-separator\">\n\t\t\t\t\t\t<\/span>\n\t\t<\/div>\n\t\t\t\t\t\t<\/div>\n\t\t\t\t<div class=\"elementor-element elementor-element-5014b6f elementor-widget elementor-widget-heading\" data-id=\"5014b6f\" data-element_type=\"widget\" data-widget_type=\"heading.default\">\n\t\t\t\t\t<div class=\"elementor-heading-title elementor-size-default\">N\u1ebfu ch\u1ea5n th\u01b0\u01a1ng c\u1ee7a b\u1ea1n nghi\u00eam tr\u1ecdng v\u00e0 \u0111e d\u1ecda t\u00ednh m\u1ea1ng, vui l\u00f2ng g\u1ecdi 911.<\/div>\t\t\t\t<\/div>\n\t\t\t\t<\/div>\n\t\t\t\t<\/div>\n\t\t<div class=\"elementor-element elementor-element-76723ec6 e-con-full e-flex e-con e-child\" data-id=\"76723ec6\" data-element_type=\"container\">\n\t\t\t\t<div class=\"elementor-element elementor-element-6fc307dd elementor-widget elementor-widget-html\" data-id=\"6fc307dd\" data-element_type=\"widget\" data-widget_type=\"html.default\">\n\t\t\t\t\t<script src=\"https:\/\/js-na2.hsforms.net\/forms\/embed\/49126966.js\" defer><\/script>\r\n<div class=\"hs-form-frame\" data-region=\"na2\" data-form-id=\"953a3562-46f5-4152-8796-aeffb0cfcce9\" data-portal-id=\"49126966\"><\/div>\t\t\t\t<\/div>\n\t\t\t\t<\/div>\n\t\t\t\t\t<\/div>\n\t\t\t\t<\/div>\n\t\t<div class=\"elementor-element elementor-element-56482cdd e-flex e-con-boxed e-con e-parent\" data-id=\"56482cdd\" data-element_type=\"container\" data-settings=\"{&quot;background_background&quot;:&quot;classic&quot;}\">\n\t\t\t\t\t<div class=\"e-con-inner\">\n\t\t<div class=\"elementor-element elementor-element-784bbfd7 e-flex e-con-boxed e-con e-child\" data-id=\"784bbfd7\" data-element_type=\"container\">\n\t\t\t\t\t<div class=\"e-con-inner\">\n\t\t\t\t<div class=\"elementor-element elementor-element-64b464a3 section-tag-white elementor-widget elementor-widget-heading\" data-id=\"64b464a3\" data-element_type=\"widget\" data-widget_type=\"heading.default\">\n\t\t\t\t\t<h2 class=\"elementor-heading-title elementor-size-default\">V\u1ecb tr\u00ed v\u0103n ph\u00f2ng t\u1ea1i Idaho<\/h2>\t\t\t\t<\/div>\n\t\t\t\t<div class=\"elementor-element elementor-element-683ac2da elementor-widget__width-initial elementor-widget-mobile__width-inherit elementor-widget elementor-widget-heading\" data-id=\"683ac2da\" data-element_type=\"widget\" data-widget_type=\"heading.default\">\n\t\t\t\t\t<h4 class=\"elementor-heading-title elementor-size-default\">Ch\u00fang t\u00f4i cung c\u1ea5p d\u1ecbch v\u1ee5 ch\u0103m s\u00f3c t\u1ea1i nh\u00e0 tr\u00ean to\u00e0n bang Idaho. V\u0103n ph\u00f2ng \u0111\u1ecba ph\u01b0\u01a1ng c\u1ee7a ch\u00fang t\u00f4i \u0111\u01b0\u1ee3c \u0111i\u1ec1u h\u00e0nh b\u1edfi c\u00e1c th\u00e0nh vi\u00ean trong c\u1ed9ng \u0111\u1ed3ng, nh\u1eefng ng\u01b0\u1eddi cam k\u1ebft h\u1ed7 tr\u1ee3 b\u1ea1n trong vi\u1ec7c qu\u1ea3n l\u00fd qu\u00e1 tr\u00ecnh ch\u0103m s\u00f3c c\u1ee7a m\u00ecnh.<\/h4>\t\t\t\t<\/div>\n\t\t\t\t\t<\/div>\n\t\t\t\t<\/div>\n\t\t<div class=\"elementor-element elementor-element-3acf54c e-con-full e-flex e-con e-child\" data-id=\"3acf54c\" data-element_type=\"container\">\n\t\t\t\t<div class=\"elementor-element elementor-element-b025fd1 elementor-pagination-type-progressbar location-carousel trp-no-translate elementor-arrows-position-inside elementor-widget elementor-widget-n-carousel\" data-id=\"b025fd1\" data-element_type=\"widget\" data-settings=\"{&quot;carousel_items&quot;:[{&quot;slide_title&quot;:&quot;Slide #1&quot;,&quot;_id&quot;:&quot;72ad4c3&quot;}],&quot;slides_to_show&quot;:&quot;2&quot;,&quot;slides_to_scroll_mobile&quot;:&quot;1&quot;,&quot;offset_sides&quot;:&quot;both&quot;,&quot;offset_width&quot;:{&quot;unit&quot;:&quot;px&quot;,&quot;size&quot;:&quot;331&quot;,&quot;sizes&quot;:[]},&quot;offset_width_tablet&quot;:{&quot;unit&quot;:&quot;px&quot;,&quot;size&quot;:&quot;100&quot;,&quot;sizes&quot;:[]},&quot;offset_width_mobile&quot;:{&quot;unit&quot;:&quot;px&quot;,&quot;size&quot;:&quot;75&quot;,&quot;sizes&quot;:[]},&quot;pagination&quot;:&quot;progressbar&quot;,&quot;image_spacing_custom&quot;:{&quot;unit&quot;:&quot;px&quot;,&quot;size&quot;:&quot;24&quot;,&quot;sizes&quot;:[]},&quot;image_spacing_custom_mobile&quot;:{&quot;unit&quot;:&quot;px&quot;,&quot;size&quot;:&quot;16&quot;,&quot;sizes&quot;:[]},&quot;slides_to_scroll&quot;:&quot;1&quot;,&quot;slides_to_show_tablet&quot;:&quot;2&quot;,&quot;slides_to_show_mobile&quot;:&quot;1&quot;,&quot;infinite&quot;:&quot;yes&quot;,&quot;speed&quot;:500,&quot;arrows&quot;:&quot;yes&quot;,&quot;image_spacing_custom_tablet&quot;:{&quot;unit&quot;:&quot;px&quot;,&quot;size&quot;:&quot;&quot;,&quot;sizes&quot;:[]}}\" data-widget_type=\"nested-carousel.default\" data-no-translation=\"\">\n\t\t\t\t\t\t\t<div class=\"e-n-carousel swiper\" role=\"region\" aria-roledescription=\"carousel\" aria-label=\"Carousel\" dir=\"ltr\">\n\t\t\t<div class=\"swiper-wrapper\" aria-live=\"polite\">\n\t\t\t\t\t\t\t\t\t\t<div class=\"swiper-slide\" data-slide=\"1\" role=\"group\" aria-roledescription=\"slide\" aria-label=\"1 of 1\">\n\t\t\t\t\t\t\t<div class=\"elementor-element elementor-element-2c505f37 e-con-full e-flex e-con e-child\" data-id=\"2c505f37\" data-element_type=\"container\">\n\t\t<a class=\"elementor-element elementor-element-30ea56f0 e-con-full e-flex e-con e-child\" data-id=\"30ea56f0\" data-element_type=\"container\" data-settings=\"{&quot;background_background&quot;:&quot;classic&quot;}\" href=\"https:\/\/www.consumerdirectid.com\/vi\/locations\/\" target=\"_blank\">\n\t\t<div class=\"elementor-element elementor-element-983dd2e e-con-full e-flex e-con e-child\" data-id=\"983dd2e\" data-element_type=\"container\" data-settings=\"{&quot;background_background&quot;:&quot;classic&quot;}\">\n\t\t\t\t<div class=\"elementor-element elementor-element-113d1eec elementor-widget elementor-widget-heading\" data-id=\"113d1eec\" data-element_type=\"widget\" data-widget_type=\"heading.default\">\n\t\t\t\t\t<h4 class=\"elementor-heading-title elementor-size-default\">Nampa<\/h4>\t\t\t\t<\/div>\n\t\t\t\t<\/div>\n\t\t\t\t<\/a>\n\t\t\t\t<\/div>\n\t\t\t\t\t\t\t\t<\/div>\n\t\t\t\t\t\t\t\t<\/div>\n\t\t<\/div>\n\t\t\t\t\t\t<\/div>\n\t\t\t\t<\/div>\n\t\t\t\t\t<\/div>\n\t\t\t\t<\/div>\n\t\t\t\t<\/div>","protected":false},"excerpt":{"rendered":"<p>Consumer Direct Care Network Idaho 3782 East Amity Avenue, Unit 101Nampa, ID 83687 InfoCDID@ConsumerDirectCare.com Phone: 208-898-0470Toll-Free Phone: 888-898-0470Fax: 208-898-0417 We\u2019re here to help. Work Injury Hotline Employees injured on the job MUST report their injuries immediately. Our Toll Free\u00a0Injury Hotline is available 24 hours a day, 7 days a week for your convenience. 877-532-8542 InfoSafety@ConsumerDirectCare.com [&hellip;]<\/p>","protected":false},"author":1,"featured_media":0,"parent":0,"menu_order":0,"comment_status":"closed","ping_status":"closed","template":"","meta":{"_acf_changed":false,"footnotes":""},"class_list":["post-71","page","type-page","status-publish","hentry"],"acf":[],"yoast_head":"<!-- This site is optimized with the Yoast SEO plugin v26.0 - https:\/\/yoast.com\/wordpress\/plugins\/seo\/ -->\n<title>Contact - Idaho - Consumer Direct Care<\/title>\n<meta name=\"robots\" content=\"index, follow, max-snippet:-1, max-image-preview:large, max-video-preview:-1\" \/>\n<link rel=\"canonical\" href=\"https:\/\/www.consumerdirectid.com\/vi\/contact\/\" \/>\n<meta property=\"og:locale\" content=\"vi_VN\" \/>\n<meta property=\"og:type\" content=\"article\" \/>\n<meta property=\"og:title\" content=\"Contact - Idaho - Consumer Direct Care\" \/>\n<meta property=\"og:description\" content=\"Consumer Direct Care Network Idaho 3782 East Amity Avenue, Unit 101Nampa, ID 83687 InfoCDID@ConsumerDirectCare.com Phone: 208-898-0470Toll-Free Phone: 888-898-0470Fax: 208-898-0417 We\u2019re here to help. Work Injury Hotline Employees injured on the job MUST report their injuries immediately. Our Toll Free\u00a0Injury Hotline is available 24 hours a day, 7 days a week for your convenience. 877-532-8542 InfoSafety@ConsumerDirectCare.com [&hellip;]\" \/>\n<meta property=\"og:url\" content=\"https:\/\/www.consumerdirectid.com\/vi\/contact\/\" \/>\n<meta property=\"og:site_name\" content=\"Idaho - Consumer Direct Care\" \/>\n<meta property=\"article:modified_time\" content=\"2026-04-02T16:57:21+00:00\" \/>\n<meta name=\"twitter:card\" content=\"summary_large_image\" \/>\n<meta name=\"twitter:label1\" content=\"\u01af\u1edbc t\u00ednh th\u1eddi gian \u0111\u1ecdc\" \/>\n\t<meta name=\"twitter:data1\" content=\"1 ph\u00fat\" \/>\n<script type=\"application\/ld+json\" class=\"yoast-schema-graph\">{\"@context\":\"https:\/\/schema.org\",\"@graph\":[{\"@type\":\"WebPage\",\"@id\":\"https:\/\/www.consumerdirectid.com\/contact\/\",\"url\":\"https:\/\/www.consumerdirectid.com\/contact\/\",\"name\":\"Contact - Idaho - Consumer Direct Care\",\"isPartOf\":{\"@id\":\"https:\/\/www.consumerdirectid.com\/#website\"},\"datePublished\":\"2025-11-04T09:50:23+00:00\",\"dateModified\":\"2026-04-02T16:57:21+00:00\",\"breadcrumb\":{\"@id\":\"https:\/\/www.consumerdirectid.com\/contact\/#breadcrumb\"},\"inLanguage\":\"vi\",\"potentialAction\":[{\"@type\":\"ReadAction\",\"target\":[\"https:\/\/www.consumerdirectid.com\/contact\/\"]}]},{\"@type\":\"BreadcrumbList\",\"@id\":\"https:\/\/www.consumerdirectid.com\/contact\/#breadcrumb\",\"itemListElement\":[{\"@type\":\"ListItem\",\"position\":1,\"name\":\"Home\",\"item\":\"https:\/\/www.consumerdirectid.com\/\"},{\"@type\":\"ListItem\",\"position\":2,\"name\":\"Contact\"}]},{\"@type\":\"WebSite\",\"@id\":\"https:\/\/www.consumerdirectid.com\/#website\",\"url\":\"https:\/\/www.consumerdirectid.com\/\",\"name\":\"Idaho - Consumer Direct Care\",\"description\":\"\",\"publisher\":{\"@id\":\"https:\/\/www.consumerdirectid.com\/#organization\"},\"potentialAction\":[{\"@type\":\"SearchAction\",\"target\":{\"@type\":\"EntryPoint\",\"urlTemplate\":\"https:\/\/www.consumerdirectid.com\/?s={search_term_string}\"},\"query-input\":{\"@type\":\"PropertyValueSpecification\",\"valueRequired\":true,\"valueName\":\"search_term_string\"}}],\"inLanguage\":\"vi\"},{\"@type\":\"Organization\",\"@id\":\"https:\/\/www.consumerdirectid.com\/#organization\",\"name\":\"Idaho - Consumer Direct Care\",\"url\":\"https:\/\/www.consumerdirectid.com\/\",\"logo\":{\"@type\":\"ImageObject\",\"inLanguage\":\"vi\",\"@id\":\"https:\/\/www.consumerdirectid.com\/#\/schema\/logo\/image\/\",\"url\":\"https:\/\/www.consumerdirectid.com\/wp-content\/uploads\/sites\/22\/2025\/11\/idaho-logo-new.png\",\"contentUrl\":\"https:\/\/www.consumerdirectid.com\/wp-content\/uploads\/sites\/22\/2025\/11\/idaho-logo-new.png\",\"width\":159,\"height\":48,\"caption\":\"Idaho - Consumer Direct Care\"},\"image\":{\"@id\":\"https:\/\/www.consumerdirectid.com\/#\/schema\/logo\/image\/\"}}]}<\/script>\n<!-- \/ Yoast SEO plugin. -->","yoast_head_json":{"title":"Contact - Idaho - Consumer Direct Care","robots":{"index":"index","follow":"follow","max-snippet":"max-snippet:-1","max-image-preview":"max-image-preview:large","max-video-preview":"max-video-preview:-1"},"canonical":"https:\/\/www.consumerdirectid.com\/vi\/contact\/","og_locale":"vi_VN","og_type":"article","og_title":"Contact - Idaho - Consumer Direct Care","og_description":"Consumer Direct Care Network Idaho 3782 East Amity Avenue, Unit 101Nampa, ID 83687 InfoCDID@ConsumerDirectCare.com Phone: 208-898-0470Toll-Free Phone: 888-898-0470Fax: 208-898-0417 We\u2019re here to help. Work Injury Hotline Employees injured on the job MUST report their injuries immediately. Our Toll Free\u00a0Injury Hotline is available 24 hours a day, 7 days a week for your convenience. 877-532-8542 InfoSafety@ConsumerDirectCare.com [&hellip;]","og_url":"https:\/\/www.consumerdirectid.com\/vi\/contact\/","og_site_name":"Idaho - Consumer Direct Care","article_modified_time":"2026-04-02T16:57:21+00:00","twitter_card":"summary_large_image","twitter_misc":{"\u01af\u1edbc t\u00ednh th\u1eddi gian \u0111\u1ecdc":"1 ph\u00fat"},"schema":{"@context":"https:\/\/schema.org","@graph":[{"@type":"WebPage","@id":"https:\/\/www.consumerdirectid.com\/contact\/","url":"https:\/\/www.consumerdirectid.com\/contact\/","name":"Contact - Idaho - Consumer Direct Care","isPartOf":{"@id":"https:\/\/www.consumerdirectid.com\/#website"},"datePublished":"2025-11-04T09:50:23+00:00","dateModified":"2026-04-02T16:57:21+00:00","breadcrumb":{"@id":"https:\/\/www.consumerdirectid.com\/contact\/#breadcrumb"},"inLanguage":"vi","potentialAction":[{"@type":"ReadAction","target":["https:\/\/www.consumerdirectid.com\/contact\/"]}]},{"@type":"BreadcrumbList","@id":"https:\/\/www.consumerdirectid.com\/contact\/#breadcrumb","itemListElement":[{"@type":"ListItem","position":1,"name":"Home","item":"https:\/\/www.consumerdirectid.com\/"},{"@type":"ListItem","position":2,"name":"Contact"}]},{"@type":"WebSite","@id":"https:\/\/www.consumerdirectid.com\/#website","url":"https:\/\/www.consumerdirectid.com\/","name":"Idaho - Ch\u0103m s\u00f3c tr\u1ef1c ti\u1ebfp cho ng\u01b0\u1eddi ti\u00eau d\u00f9ng","description":"","publisher":{"@id":"https:\/\/www.consumerdirectid.com\/#organization"},"potentialAction":[{"@type":"SearchAction","target":{"@type":"EntryPoint","urlTemplate":"https:\/\/www.consumerdirectid.com\/?s={search_term_string}"},"query-input":{"@type":"PropertyValueSpecification","valueRequired":true,"valueName":"search_term_string"}}],"inLanguage":"vi"},{"@type":"Organization","@id":"https:\/\/www.consumerdirectid.com\/#organization","name":"Idaho - Ch\u0103m s\u00f3c tr\u1ef1c ti\u1ebfp cho ng\u01b0\u1eddi ti\u00eau d\u00f9ng","url":"https:\/\/www.consumerdirectid.com\/","logo":{"@type":"ImageObject","inLanguage":"vi","@id":"https:\/\/www.consumerdirectid.com\/#\/schema\/logo\/image\/","url":"https:\/\/www.consumerdirectid.com\/wp-content\/uploads\/sites\/22\/2025\/11\/idaho-logo-new.png","contentUrl":"https:\/\/www.consumerdirectid.com\/wp-content\/uploads\/sites\/22\/2025\/11\/idaho-logo-new.png","width":159,"height":48,"caption":"Idaho - Consumer Direct Care"},"image":{"@id":"https:\/\/www.consumerdirectid.com\/#\/schema\/logo\/image\/"}}]}},"_links":{"self":[{"href":"https:\/\/www.consumerdirectid.com\/vi\/wp-json\/wp\/v2\/pages\/71","targetHints":{"allow":["GET"]}}],"collection":[{"href":"https:\/\/www.consumerdirectid.com\/vi\/wp-json\/wp\/v2\/pages"}],"about":[{"href":"https:\/\/www.consumerdirectid.com\/vi\/wp-json\/wp\/v2\/types\/page"}],"author":[{"embeddable":true,"href":"https:\/\/www.consumerdirectid.com\/vi\/wp-json\/wp\/v2\/users\/1"}],"replies":[{"embeddable":true,"href":"https:\/\/www.consumerdirectid.com\/vi\/wp-json\/wp\/v2\/comments?post=71"}],"version-history":[{"count":128,"href":"https:\/\/www.consumerdirectid.com\/vi\/wp-json\/wp\/v2\/pages\/71\/revisions"}],"predecessor-version":[{"id":2417,"href":"https:\/\/www.consumerdirectid.com\/vi\/wp-json\/wp\/v2\/pages\/71\/revisions\/2417"}],"wp:attachment":[{"href":"https:\/\/www.consumerdirectid.com\/vi\/wp-json\/wp\/v2\/media?parent=71"}],"curies":[{"name":"wp","href":"https:\/\/api.w.org\/{rel}","templated":true}]}}